{"id":1340,"date":"2026-02-20T12:03:47","date_gmt":"2026-02-20T15:03:47","guid":{"rendered":"https:\/\/rotacountryecia.com.br\/?post_type=product&#038;p=1340"},"modified":"2026-02-20T12:04:07","modified_gmt":"2026-02-20T15:04:07","slug":"bone-ny-new-york-masculino-feminino-unissex","status":"publish","type":"product","link":"https:\/\/rotacountryecia.com.br\/?product=bone-ny-new-york-masculino-feminino-unissex","title":{"rendered":"Bon\u00e9 Ny New York Masculino Feminino Unissex"},"content":{"rendered":"<p>Bon\u00e9 unissex em estilo cl\u00e1ssico, confeccionado em tecido de alta qualidade, com acabamento estruturado e aba curva. Possui design minimalista e sofisticado, incluindo o bordado em relevo do ic\u00f4nico logotipo NY (New York) na parte frontal. Ideal para compor looks casuais, esportivos ou urbanos, trazendo estilo e autenticidade em qualquer ocasi\u00e3o.<\/p>\n","protected":false},"excerpt":{"rendered":"<p>Bon\u00e9 unissex em estilo cl\u00e1ssico, confeccionado em tecido de alta qualidade, com acabamento estruturado e aba curva<\/p>\n","protected":false},"featured_media":1342,"comment_status":"open","ping_status":"closed","template":"","meta":[],"product_cat":[46],"product_tag":[47,48],"_links":{"self":[{"href":"https:\/\/rotacountryecia.com.br\/index.php?rest_route=\/wp\/v2\/product\/1340"}],"collection":[{"href":"https:\/\/rotacountryecia.com.br\/index.php?rest_route=\/wp\/v2\/product"}],"about":[{"href":"https:\/\/rotacountryecia.com.br\/index.php?rest_route=\/wp\/v2\/types\/product"}],"replies":[{"embeddable":true,"href":"https:\/\/rotacountryecia.com.br\/index.php?rest_route=%2Fwp%2Fv2%2Fcomments&post=1340"}],"wp:featuredmedia":[{"embeddable":true,"href":"https:\/\/rotacountryecia.com.br\/index.php?rest_route=\/wp\/v2\/media\/1342"}],"wp:attachment":[{"href":"https:\/\/rotacountryecia.com.br\/index.php?rest_route=%2Fwp%2Fv2%2Fmedia&parent=1340"}],"wp:term":[{"taxonomy":"product_cat","embeddable":true,"href":"https:\/\/rotacountryecia.com.br\/index.php?rest_route=%2Fwp%2Fv2%2Fproduct_cat&post=1340"},{"taxonomy":"product_tag","embeddable":true,"href":"https:\/\/rotacountryecia.com.br\/index.php?rest_route=%2Fwp%2Fv2%2Fproduct_tag&post=1340"}],"curies":[{"name":"wp","href":"https:\/\/api.w.org\/{rel}","templated":true}]}}