{"id":1347,"date":"2026-04-09T11:26:47","date_gmt":"2026-04-09T14:26:47","guid":{"rendered":"https:\/\/rotacountryecia.com.br\/?post_type=product&#038;p=1347"},"modified":"2026-04-09T11:28:43","modified_gmt":"2026-04-09T14:28:43","slug":"bota-masculina-jacomo","status":"publish","type":"product","link":"https:\/\/rotacountryecia.com.br\/?product=bota-masculina-jacomo","title":{"rendered":"Bota Masculina J\u00e1como"},"content":{"rendered":"<p>Esta \u00e9 uma bota country masculina da marca J\u00e1como, modelo Goodyear com p\u00e9 em couro Cabe\u00e7a Caf\u00e9 e cano em F\u00f3ssil Verde.<\/p>\n","protected":false},"excerpt":{"rendered":"<p>Esta \u00e9 uma bota country masculina da marca J\u00e1como, modelo Goodyear com p\u00e9 em couro Cabe\u00e7a Caf\u00e9 e cano em F\u00f3ssil Verde.<\/p>\n","protected":false},"featured_media":0,"comment_status":"open","ping_status":"closed","template":"","meta":[],"product_cat":[36],"product_tag":[51,49,40,50],"_links":{"self":[{"href":"https:\/\/rotacountryecia.com.br\/index.php?rest_route=\/wp\/v2\/product\/1347"}],"collection":[{"href":"https:\/\/rotacountryecia.com.br\/index.php?rest_route=\/wp\/v2\/product"}],"about":[{"href":"https:\/\/rotacountryecia.com.br\/index.php?rest_route=\/wp\/v2\/types\/product"}],"replies":[{"embeddable":true,"href":"https:\/\/rotacountryecia.com.br\/index.php?rest_route=%2Fwp%2Fv2%2Fcomments&post=1347"}],"wp:attachment":[{"href":"https:\/\/rotacountryecia.com.br\/index.php?rest_route=%2Fwp%2Fv2%2Fmedia&parent=1347"}],"wp:term":[{"taxonomy":"product_cat","embeddable":true,"href":"https:\/\/rotacountryecia.com.br\/index.php?rest_route=%2Fwp%2Fv2%2Fproduct_cat&post=1347"},{"taxonomy":"product_tag","embeddable":true,"href":"https:\/\/rotacountryecia.com.br\/index.php?rest_route=%2Fwp%2Fv2%2Fproduct_tag&post=1347"}],"curies":[{"name":"wp","href":"https:\/\/api.w.org\/{rel}","templated":true}]}}